{"id":547,"date":"2024-02-14T10:55:23","date_gmt":"2024-02-14T09:55:23","guid":{"rendered":"https:\/\/eratobanana.com\/?page_id=547"},"modified":"2024-11-19T03:19:43","modified_gmt":"2024-11-19T02:19:43","slug":"organiser-un-evenement","status":"publish","type":"page","link":"https:\/\/eratobanana.com\/index.php\/fr\/organiser-un-evenement\/","title":{"rendered":"Organiser un \u00e9v\u00e9nement"},"content":{"rendered":"<p>[et_pb_section fb_built=&#8221;1&#8243; _builder_version=&#8221;4.23.4&#8243; _module_preset=&#8221;default&#8221; custom_margin=&#8221;||15px|||&#8221; custom_padding=&#8221;30px||0px||false|false&#8221; global_colors_info=&#8221;{}&#8221;][et_pb_row column_structure=&#8221;1_2,1_2&#8243; use_custom_gutter=&#8221;on&#8221; gutter_width=&#8221;2&#8243; make_equal=&#8221;on&#8221; _builder_version=&#8221;4.23.4&#8243; _module_preset=&#8221;default&#8221; min_height=&#8221;409.8px&#8221; custom_margin=&#8221;0px|auto|0px|auto|false|false&#8221; custom_padding=&#8221;0px|||||&#8221; global_colors_info=&#8221;{}&#8221;][et_pb_column type=&#8221;1_2&#8243; _builder_version=&#8221;4.23.4&#8243; _module_preset=&#8221;default&#8221; custom_padding=&#8221;50px|40px|50px|40px|false|false&#8221; custom_css_free_form=&#8221;selector{||  display:flex;||  align-items:center;||}&#8221; border_width_all=&#8221;2px&#8221; border_color_all=&#8221;#0500FF&#8221; global_colors_info=&#8221;{}&#8221;][et_pb_image src=&#8221;https:\/\/eratobanana.com\/wp-content\/uploads\/2024\/11\/HD-CharlneYVES-9J8A2250-scaled.jpg&#8221; title_text=&#8221;2024, Soft Armor &#8211; Pic : Bergamote&#8221; _builder_version=&#8221;4.27.3&#8243; _module_preset=&#8221;default&#8221; hover_enabled=&#8221;0&#8243; global_colors_info=&#8221;{}&#8221; alt=&#8221;2024, Soft Armor &#8211; Pic : Bergamote&#8221; sticky_enabled=&#8221;0&#8243;][\/et_pb_image][\/et_pb_column][et_pb_column type=&#8221;1_2&#8243; _builder_version=&#8221;4.23.4&#8243; _module_preset=&#8221;default&#8221; custom_padding=&#8221;||||false|false&#8221; border_width_all=&#8221;2px&#8221; border_color_all=&#8221;#0500FF&#8221; global_colors_info=&#8221;{}&#8221;][et_pb_text _builder_version=&#8221;4.23.4&#8243; _module_preset=&#8221;default&#8221; header_font_size=&#8221;42px&#8221; min_height=&#8221;5.8px&#8221; custom_margin=&#8221;||-40px||false|false&#8221; custom_padding=&#8221;25px||||false|false&#8221; custom_css_free_form=&#8221;.entry-content tr td {||  border-top: none;||}&#8221; border_style_all=&#8221;none&#8221; global_colors_info=&#8221;{}&#8221;]<\/p>\n<table border=\"0\" style=\"width: 100%; border-collapse: collapse; border-style: none;\">\n<tbody>\n<tr>\n<td style=\"width: 25%;\">\n<h1>ORGANISER<\/h1>\n<h1>UN \u00c9V\u00c9NEMENT<\/h1>\n<\/td>\n<\/tr>\n<\/tbody>\n<\/table>\n<p>&nbsp;<\/p>\n<p>[\/et_pb_text][et_pb_text _builder_version=&#8221;4.24.0&#8243; _module_preset=&#8221;default&#8221; text_font_size=&#8221;15px&#8221; text_line_height=&#8221;1.3em&#8221; header_6_font_size=&#8221;18px&#8221; custom_margin=&#8221;||0px||false|false&#8221; custom_padding=&#8221;10px|25px|0px|25px|false|true&#8221; border_style_all=&#8221;none&#8221; global_colors_info=&#8221;{}&#8221;]<\/p>\n<table border=\"0\" style=\"height: 343px; width: 107.235%; border-collapse: collapse; border-style: none;\">\n<tbody>\n<tr style=\"height: 10px;\">\n<td style=\"width: 83.6569%; height: 10px; vertical-align: top;\">\n<h6><span style=\"text-decoration: underline;\">PERFORMANCE, SESSION PUBLIQUE &amp; WORKSHOPS<\/span><\/h6>\n<p>&nbsp;<\/p>\n<p class=\"p1\">Il est possible d\u2019organiser une performance de shibari avec B\u00e4nana. Les options sont nombreuses pour r\u00e9pondre \u00e0 vos besoins : de la session intimiste \u00e0 la performance spectaculaire, vous pouvez imaginer avec B\u00e4nana la prestation qui vous conviendra.\u00a0<\/p>\n<p class=\"p1\">B\u00e4nana est enthousiaste \u00e0 l&#8217;id\u00e9e de rencontrer d\u2019autres communaut\u00e9s de shibari et des \u00e9l\u00e8ves de diff\u00e9rents horizons afin de partager son approche et sa p\u00e9dagogie. Elle peut enseigner en fran\u00e7ais ou en anglais. Elle propose des cours de tous les niveaux et est ouverte \u00e0 diff\u00e9rents formats d\u2019enseignement.<span class=\"Apple-converted-space\">\u00a0<\/span><\/p>\n<p class=\"p1\">Si vous \u00eates organisateur\u00b7ice d\u2019\u00e9v\u00e9nements, vous pouvez contacter B\u00e4nana en ayant une id\u00e9e pr\u00e9cise du sujet que vous aimeriez lui proposer d\u2019enseigner et du format de cours, ou alors choisir une des th\u00e9matiques suivantes.<\/p>\n<p class=\"p1\">La liste de th\u00e9matiques est non exhaustive et les formats sont adaptables !<\/p>\n<\/td>\n<\/tr>\n<\/tbody>\n<\/table>\n<p>[\/et_pb_text][et_pb_button button_url=&#8221;#workshops&#8221; button_text=&#8221;Sujets d&#8217;apprentissage&#8221; button_alignment=&#8221;left&#8221; _builder_version=&#8221;4.24.0&#8243; _module_preset=&#8221;default&#8221; custom_button=&#8221;on&#8221; button_text_size=&#8221;16px&#8221; button_text_color=&#8221;#FFFFFF&#8221; button_bg_color=&#8221;#0500FF&#8221; button_border_width=&#8221;0px&#8221; button_border_radius=&#8221;22px&#8221; button_font=&#8221;K2D|700||on|||||&#8221; button_icon=&#8221;&#xf069;||fa||900&#8243; custom_margin=&#8221;||150px|48px|false|false&#8221; global_colors_info=&#8221;{}&#8221;][\/et_pb_button][\/et_pb_column][\/et_pb_row][et_pb_row _builder_version=&#8221;4.23.4&#8243; _module_preset=&#8221;default&#8221; custom_margin=&#8221;-29px|auto|-28px|auto||&#8221; custom_padding=&#8221;83px|||||&#8221; global_colors_info=&#8221;{}&#8221;][et_pb_column type=&#8221;4_4&#8243; _builder_version=&#8221;4.23.4&#8243; _module_preset=&#8221;default&#8221; global_colors_info=&#8221;{}&#8221;][et_pb_text _builder_version=&#8221;4.23.4&#8243; _module_preset=&#8221;default&#8221; global_colors_info=&#8221;{}&#8221;]<\/p>\n<h1 id=\"workshops\">WORKSHOPS<\/h1>\n<p>[\/et_pb_text][\/et_pb_column][\/et_pb_row][et_pb_row column_structure=&#8221;1_4,1_4,1_4,1_4&#8243; use_custom_gutter=&#8221;on&#8221; gutter_width=&#8221;2&#8243; _builder_version=&#8221;4.23.4&#8243; _module_preset=&#8221;default&#8221; module_alignment=&#8221;center&#8221; min_height=&#8221;228.8px&#8221; custom_css_free_form=&#8221;selector .semi-transparent {||  background-color: rgba(5, 0, 255, 0.7);||  width: 17vw;||  height: 17vw;||  transition: opacity .5s ease-out;||    -moz-transition: opacity .5s ease-out;||    -webkit-transition: opacity .5s ease-out;||    -o-transition: opacity .5s ease-out;||}||||selector .semi-transparent:hover{||  opacity:0;||  ||}||||selector .white {||  color: white;||  font-weight: 800;||  font-size: 2.2vw;||  text-align: center;||  ||}&#8221; global_colors_info=&#8221;{}&#8221;][et_pb_column type=&#8221;1_4&#8243; _builder_version=&#8221;4.23.4&#8243; _module_preset=&#8221;default&#8221; global_colors_info=&#8221;{}&#8221;][et_pb_code module_class=&#8221;workshop-block&#8221; _builder_version=&#8221;4.25.2&#8243; _module_preset=&#8221;default&#8221; background_image=&#8221;https:\/\/eratobanana.com\/wp-content\/uploads\/2024\/05\/Charlene-YVES-_MG_9045-scaled.jpg&#8221; custom_padding=&#8221;||||true|false&#8221; hover_transition_speed_curve=&#8221;ease-in-out&#8221; link_option_url=&#8221;index.php\/mouvement-immobilite&#8221; link_option_url_new_window=&#8221;on&#8221; custom_css_free_form=&#8221;selector {||  width: 17vw;||  height: 17vw;||}&#8221; border_width_all=&#8221;2px&#8221; border_color_all=&#8221;#0500FF&#8221; global_colors_info=&#8221;{}&#8221;]<\/p>\n<div class=\"semi-transparent\"><!-- [et_pb_line_break_holder] -->  <\/p>\n<h1 style=\"position: absolute; top: 36%\" class=\"white\"><!-- [et_pb_line_break_holder] -->    MOUVEMENT &#038; IMMOBILIT\u00c9<!-- [et_pb_line_break_holder] -->  <\/h1>\n<p><!-- [et_pb_line_break_holder] --><\/div>\n<p><!-- [et_pb_line_break_holder] -->[\/et_pb_code][\/et_pb_column][et_pb_column type=&#8221;1_4&#8243; _builder_version=&#8221;4.23.4&#8243; _module_preset=&#8221;default&#8221; global_colors_info=&#8221;{}&#8221;][et_pb_code module_class=&#8221;workshop-block&#8221; _builder_version=&#8221;4.25.2&#8243; _module_preset=&#8221;default&#8221; background_image=&#8221;https:\/\/eratobanana.com\/wp-content\/uploads\/2024\/06\/WhatsApp-Image-2024-06-19-at-15.35.28.jpeg&#8221; link_option_url=&#8221;index.php\/kinbaku-sans-harnais-de-buste&#8221; link_option_url_new_window=&#8221;on&#8221; custom_css_free_form=&#8221;selector {||  width: 17vw;||  height: 17vw;||}&#8221; border_width_all=&#8221;2px&#8221; border_color_all=&#8221;#0500FF&#8221; global_colors_info=&#8221;{}&#8221;]<\/p>\n<div class=\"semi-transparent\"><!-- [et_pb_line_break_holder] -->   <\/p>\n<h1 style=\"position: absolute; top: 30%\" class=\"white\"><!-- [et_pb_line_break_holder] -->    KINBAKU SANS HARNAIS DE BUSTE<!-- [et_pb_line_break_holder] --><\/div>\n<p>[\/et_pb_code][\/et_pb_column][et_pb_column type=&#8221;1_4&#8243; _builder_version=&#8221;4.23.4&#8243; _module_preset=&#8221;default&#8221; global_colors_info=&#8221;{}&#8221;][et_pb_code module_class=&#8221;workshop-block&#8221; _builder_version=&#8221;4.26.1&#8243; _module_preset=&#8221;default&#8221; background_image=&#8221;https:\/\/eratobanana.com\/wp-content\/uploads\/2024\/05\/2024-soft-armor-pic-bergamote.jpeg&#8221; link_option_url=&#8221;https:\/\/eratobanana.com\/index.php\/fr\/bondages-incontournables-du-semenawa\/&#8221; link_option_url_new_window=&#8221;on&#8221; custom_css_free_form=&#8221;selector {||  width: 17vw;||  height: 17vw;||}||||selector h1 {||  font-size: 1.4vw !important;||||}||||@media all and (max-width: 479px) {||\t||\tselector h1 {||\t\tfont-size: 7vw !important;||\t}||}&#8221; border_width_all=&#8221;2px&#8221; border_color_all=&#8221;#0500FF&#8221; global_colors_info=&#8221;{}&#8221;]<\/p>\n<div class=\"semi-transparent\"><!-- [et_pb_line_break_holder] -->  <\/p>\n<h1 style=\"position: absolute; top: 34%\" class=\"white\"><!-- [et_pb_line_break_holder] -->  BONDAGES INCONTOURNABLES DU SEMENAWA<!-- [et_pb_line_break_holder] -->  <\/h1>\n<p><!-- [et_pb_line_break_holder] --><\/div>\n<p>[\/et_pb_code][\/et_pb_column][et_pb_column type=&#8221;1_4&#8243; _builder_version=&#8221;4.23.4&#8243; _module_preset=&#8221;default&#8221; global_colors_info=&#8221;{}&#8221;][et_pb_code module_class=&#8221;workshop-block&#8221; _builder_version=&#8221;4.26.1&#8243; _module_preset=&#8221;default&#8221; background_image=&#8221;https:\/\/eratobanana.com\/wp-content\/uploads\/2024\/05\/CharlneYVES-_MG_5428-scaled.jpg&#8221; link_option_url=&#8221;index.php\/transitions-fr&#8221; link_option_url_new_window=&#8221;on&#8221; custom_css_free_form=&#8221;selector {||  width: 17vw;||  height: 17vw;||}||||@media all and (max-width: 479px) {||\t||\tselector h1 {||\t\tleft: 13% !important;||\t}||}&#8221; border_width_all=&#8221;2px&#8221; border_color_all=&#8221;#0500FF&#8221; global_colors_info=&#8221;{}&#8221;]<\/p>\n<div class=\"semi-transparent\"><!-- [et_pb_line_break_holder] -->  <\/p>\n<h1 style=\"position: absolute; top: 40%; left: 6%\" class=\"white\">TRANSITIONS<\/h1>\n<p><!-- [et_pb_line_break_holder] --><\/div>\n<p>[\/et_pb_code][\/et_pb_column][\/et_pb_row][et_pb_row column_structure=&#8221;1_4,1_4,1_4,1_4&#8243; use_custom_gutter=&#8221;on&#8221; gutter_width=&#8221;2&#8243; _builder_version=&#8221;4.23.4&#8243; _module_preset=&#8221;default&#8221; custom_margin=&#8221;-27px|auto||auto||&#8221; custom_css_free_form=&#8221;selector .semi-transparent {||  background-color: rgba(5, 0, 255, 0.7);||  width: 17vw;||  height: 17vw;||  transition: opacity .5s ease-out;||    -moz-transition: opacity .5s ease-out;||    -webkit-transition: opacity .5s ease-out;||    -o-transition: opacity .5s ease-out;||}||||selector .semi-transparent:hover {||  opacity: 0;||}||||selector .white {||  color: white;||  font-weight: 800;||  font-size: 2.2vw;||  text-align: center;||}&#8221; global_colors_info=&#8221;{}&#8221;][et_pb_column type=&#8221;1_4&#8243; _builder_version=&#8221;4.23.4&#8243; _module_preset=&#8221;default&#8221; global_colors_info=&#8221;{}&#8221;][et_pb_code module_class=&#8221;workshop-block&#8221; _builder_version=&#8221;4.26.1&#8243; _module_preset=&#8221;default&#8221; background_image=&#8221;https:\/\/eratobanana.com\/wp-content\/uploads\/2024\/05\/2023-Helios-Pic-Yankee-scaled.jpg&#8221; link_option_url=&#8221;index.php\/predicament-experiences-fr&#8221; link_option_url_new_window=&#8221;on&#8221; custom_css_free_form=&#8221;selector {||  width: 17vw;||  height: 17vw;||}||||@media all and (max-width: 479px) {||\t||\tselector h1 {||\t\ttop: 38% !important;||\t}||}&#8221; border_width_all=&#8221;2px&#8221; border_color_all=&#8221;#0500FF&#8221; global_colors_info=&#8221;{}&#8221;]<\/p>\n<div class=\"semi-transparent\"><!-- [et_pb_line_break_holder] -->  <\/p>\n<h1 style=\"position: absolute; top: 35%; left: 2%\" class=\"white\">PREDICAMENT EXP\u00c9RIENCES<\/h1>\n<p><!-- [et_pb_line_break_holder] --><\/div>\n<p>[\/et_pb_code][\/et_pb_column][et_pb_column type=&#8221;1_4&#8243; _builder_version=&#8221;4.23.4&#8243; _module_preset=&#8221;default&#8221; global_colors_info=&#8221;{}&#8221;][et_pb_code module_class=&#8221;workshop-block&#8221; _builder_version=&#8221;4.26.1&#8243; _module_preset=&#8221;default&#8221; background_image=&#8221;https:\/\/eratobanana.com\/wp-content\/uploads\/2024\/07\/2023-Niki-Agati.jpeg&#8221; link_option_url=&#8221;index.php\/bondages-iconiques-au-sol&#8221; link_option_url_new_window=&#8221;on&#8221; custom_css_free_form=&#8221;selector {||  width: 17vw;||  height: 17vw;||}||||@media all and (max-width: 479px) {||\t||\tselector h1 {||\t\ttop: 33% !important;||\t}||}&#8221; border_width_all=&#8221;2px&#8221; border_color_all=&#8221;#0500FF&#8221; global_colors_info=&#8221;{}&#8221;]<\/p>\n<div class=\"semi-transparent\"><!-- [et_pb_line_break_holder] -->  <\/p>\n<h1 style=\"position: absolute; top: 30%; left: 2%\" class=\"white\">BONDAGES ICONIQUES AU SOL<\/h1>\n<p><!-- [et_pb_line_break_holder] --><\/div>\n<p>[\/et_pb_code][\/et_pb_column][et_pb_column type=&#8221;1_4&#8243; _builder_version=&#8221;4.23.4&#8243; _module_preset=&#8221;default&#8221; global_colors_info=&#8221;{}&#8221;][et_pb_code module_class=&#8221;workshop-block&#8221; _builder_version=&#8221;4.27.0&#8243; _module_preset=&#8221;default&#8221; background_image=&#8221;https:\/\/eratobanana.com\/wp-content\/uploads\/2024\/08\/2024-Soft-Armor-Pic-Jelani-22.jpeg&#8221; link_option_url=&#8221;index.php\/breathplay-avec-des-cordes&#8221; link_option_url_new_window=&#8221;on&#8221; custom_css_free_form=&#8221;selector {||  width: 17vw;||  height: 17vw;||}||||@media all and (max-width: 479px) {||\t||\tselector h1 {||\t\ttop: 38% !important;||\t}||}&#8221; border_width_all=&#8221;2px&#8221; border_color_all=&#8221;#0500FF&#8221; global_colors_info=&#8221;{}&#8221;]<\/p>\n<div class=\"semi-transparent\"><!-- [et_pb_line_break_holder] -->  <\/p>\n<h1 style=\"position: absolute; top: 30%; left: 2%\" class=\"white\">&#8220;BREATHPLAY&#8221; AVEC DES CORDES<\/h1>\n<p><!-- [et_pb_line_break_holder] --><\/div>\n<p>[\/et_pb_code][\/et_pb_column][et_pb_column type=&#8221;1_4&#8243; _builder_version=&#8221;4.23.4&#8243; _module_preset=&#8221;default&#8221; global_colors_info=&#8221;{}&#8221;][et_pb_code module_class=&#8221;workshop-block&#8221; _builder_version=&#8221;4.26.1&#8243; _module_preset=&#8221;default&#8221; background_image=&#8221;https:\/\/eratobanana.com\/wp-content\/uploads\/2024\/05\/F2A4653-scaled.jpg&#8221; link_option_url=&#8221;index.php\/suspendre-une-personne-plus-lourde-que-soi&#8221; link_option_url_new_window=&#8221;on&#8221; custom_css_free_form=&#8221;selector {||  width: 17vw;||  height: 17vw;||}||||@media all and (max-width: 479px) {||\t||\tselector h1 {||\t\ttop: 33% !important;||\t}||}&#8221; border_width_all=&#8221;2px&#8221; border_color_all=&#8221;#0500FF&#8221; global_colors_info=&#8221;{}&#8221;]<\/p>\n<div class=\"semi-transparent\"><!-- [et_pb_line_break_holder] -->  <\/p>\n<h1 style=\"position: absolute; top: 24%\" class=\"white\">SUSPENDRE UNE PERSONNE PLUS LOURDE QUE SOI<\/h1>\n<p><!-- [et_pb_line_break_holder] --><\/div>\n<p>[\/et_pb_code][\/et_pb_column][\/et_pb_row][et_pb_row column_structure=&#8221;1_4,1_4,1_4,1_4&#8243; use_custom_gutter=&#8221;on&#8221; gutter_width=&#8221;2&#8243; _builder_version=&#8221;4.23.4&#8243; _module_preset=&#8221;default&#8221; custom_margin=&#8221;-27px|auto||auto||&#8221; custom_css_free_form=&#8221;selector .semi-transparent {||  background-color: rgba(5, 0, 255, 0.7);||  width: 17vw;||  height: 17vw;||  transition: opacity .5s ease-out;||    -moz-transition: opacity .5s ease-out;||    -webkit-transition: opacity .5s ease-out;||    -o-transition: opacity .5s ease-out;||}||||selector .semi-transparent:hover {||  opacity: 0;||}||||selector .white {||  color: white;||  font-weight: 800;||  font-size: 2.2vw;||  text-align: center;||}&#8221; global_colors_info=&#8221;{}&#8221;][et_pb_column type=&#8221;1_4&#8243; _builder_version=&#8221;4.23.4&#8243; _module_preset=&#8221;default&#8221; global_colors_info=&#8221;{}&#8221;][et_pb_code module_class=&#8221;workshop-block&#8221; _builder_version=&#8221;4.26.1&#8243; _module_preset=&#8221;default&#8221; background_image=&#8221;https:\/\/eratobanana.com\/wp-content\/uploads\/2024\/05\/bambou-sap.jpeg&#8221; link_option_url=&#8221;https:\/\/eratobanana.com\/index.php\/fr\/bambous-tourments-detail-fr\/&#8221; link_option_url_new_window=&#8221;on&#8221; custom_css_free_form=&#8221;selector {||  width: 17vw;||  height: 17vw;||}||||@media all and (max-width: 479px) {||\t||\tselector h1 {||\t\ttop: 35% !important;||\t}||}&#8221; border_width_all=&#8221;2px&#8221; border_color_all=&#8221;#0500FF&#8221; global_colors_info=&#8221;{}&#8221;]<\/p>\n<div class=\"semi-transparent\"><!-- [et_pb_line_break_holder] -->  <\/p>\n<h1 style=\"position: absolute; top: 30%; left: 2%\" class=\"white\">TOURMENTS &#038; BAMBOUS  <\/h1>\n<p><!-- [et_pb_line_break_holder] --><\/div>\n<p>[\/et_pb_code][\/et_pb_column][et_pb_column type=&#8221;1_4&#8243; _builder_version=&#8221;4.23.4&#8243; _module_preset=&#8221;default&#8221; global_colors_info=&#8221;{}&#8221;][et_pb_code module_class=&#8221;workshop-block&#8221; _builder_version=&#8221;4.26.1&#8243; _module_preset=&#8221;default&#8221; background_image=&#8221;https:\/\/eratobanana.com\/wp-content\/uploads\/2024\/02\/2023-Mae-Boy-Funeral-of-a-forced-woman-Pic-Mina-Maure-2-scaled.jpg&#8221; link_option_url=&#8221;index.php\/tourments-au-sol-2&#8243; link_option_url_new_window=&#8221;on&#8221; custom_css_free_form=&#8221;selector {||  width: 17vw;||  height: 17vw;||}||||@media all and (max-width: 479px) {||\t||\tselector h1 {||\t\ttop: 35% !important;||\t}||}&#8221; border_width_all=&#8221;2px&#8221; border_color_all=&#8221;#0500FF&#8221; global_colors_info=&#8221;{}&#8221;]<\/p>\n<div class=\"semi-transparent\"><!-- [et_pb_line_break_holder] -->  <\/p>\n<h1 style=\"position: absolute; top: 35%; left: 2%\" class=\"white\">TOURMENTS AU SOL<\/h1>\n<p><!-- [et_pb_line_break_holder] --><\/div>\n<p>[\/et_pb_code][\/et_pb_column][et_pb_column type=&#8221;1_4&#8243; _builder_version=&#8221;4.23.4&#8243; _module_preset=&#8221;default&#8221; global_colors_info=&#8221;{}&#8221;][et_pb_code module_class=&#8221;workshop-block&#8221; _builder_version=&#8221;4.27.0&#8243; _module_preset=&#8221;default&#8221; background_image=&#8221;https:\/\/eratobanana.com\/wp-content\/uploads\/2024\/07\/Ada-Ardente-Pic-Bergamote-.jpeg&#8221; link_option_url=&#8221;https:\/\/eratobanana.com\/index.php\/du-sol-a-la-semi\/&#8221; custom_css_free_form=&#8221;selector {||  width: 17vw;||  height: 17vw;||}||||@media all and (max-width: 479px) {||\t||\tselector h1 {||\t\ttop: 35% !important;||\t}||}&#8221; global_colors_info=&#8221;{}&#8221;]<\/p>\n<div class=\"semi-transparent\"><!-- [et_pb_line_break_holder] -->  <\/p>\n<h1 style=\"position: absolute; top: 35%; left: 2%\" class=\"white\">DU SOL A LA SEMI SUSPENSION<\/h1>\n<p><!-- [et_pb_line_break_holder] --><\/div>\n<p>[\/et_pb_code][\/et_pb_column][et_pb_column type=&#8221;1_4&#8243; _builder_version=&#8221;4.23.4&#8243; _module_preset=&#8221;default&#8221; global_colors_info=&#8221;{}&#8221;][\/et_pb_column][\/et_pb_row][\/et_pb_section]<\/p>\n","protected":false},"excerpt":{"rendered":"<p>ORGANISER UN \u00c9V\u00c9NEMENT &nbsp; PERFORMANCE, SESSION PUBLIQUE &amp; WORKSHOPS &nbsp; Il est possible d\u2019organiser une performance de shibari avec B\u00e4nana. Les options sont nombreuses pour r\u00e9pondre \u00e0 vos besoins : de la session intimiste \u00e0 la performance spectaculaire, vous pouvez imaginer avec B\u00e4nana la prestation qui vous conviendra.\u00a0 B\u00e4nana est enthousiaste \u00e0 l&#8217;id\u00e9e de rencontrer [&hellip;]<\/p>\n","protected":false},"author":1,"featured_media":0,"parent":0,"menu_order":0,"comment_status":"closed","ping_status":"closed","template":"","meta":{"_et_pb_use_builder":"on","_et_pb_old_content":"","_et_gb_content_width":"","_monsterinsights_skip_tracking":false,"_monsterinsights_sitenote_active":false,"_monsterinsights_sitenote_note":"","_monsterinsights_sitenote_category":0,"footnotes":""},"class_list":["post-547","page","type-page","status-publish","hentry"],"yoast_head":"<!-- This site is optimized with the Yoast SEO plugin v27.4 - https:\/\/yoast.com\/product\/yoast-seo-wordpress\/ -->\n<title>Organiser un \u00e9v\u00e9nement - Erato B\u00e4nana<\/title>\n<meta name=\"robots\" content=\"index, follow, max-snippet:-1, max-image-preview:large, max-video-preview:-1\" \/>\n<link rel=\"canonical\" href=\"https:\/\/eratobanana.com\/index.php\/fr\/organiser-un-evenement\/\" \/>\n<script type=\"application\/ld+json\" class=\"yoast-schema-graph\">{\"@context\":\"https:\\\/\\\/schema.org\",\"@graph\":[{\"@type\":\"WebPage\",\"@id\":\"https:\\\/\\\/eratobanana.com\\\/index.php\\\/fr\\\/organiser-un-evenement\\\/\",\"url\":\"https:\\\/\\\/eratobanana.com\\\/index.php\\\/fr\\\/organiser-un-evenement\\\/\",\"name\":\"Organiser un \u00e9v\u00e9nement - Erato B\u00e4nana\",\"isPartOf\":{\"@id\":\"https:\\\/\\\/eratobanana.com\\\/#website\"},\"datePublished\":\"2024-02-14T09:55:23+00:00\",\"dateModified\":\"2024-11-19T02:19:43+00:00\",\"breadcrumb\":{\"@id\":\"https:\\\/\\\/eratobanana.com\\\/index.php\\\/fr\\\/organiser-un-evenement\\\/#breadcrumb\"},\"inLanguage\":\"en-GB\",\"potentialAction\":[{\"@type\":\"ReadAction\",\"target\":[\"https:\\\/\\\/eratobanana.com\\\/index.php\\\/fr\\\/organiser-un-evenement\\\/\"]}]},{\"@type\":\"BreadcrumbList\",\"@id\":\"https:\\\/\\\/eratobanana.com\\\/index.php\\\/fr\\\/organiser-un-evenement\\\/#breadcrumb\",\"itemListElement\":[{\"@type\":\"ListItem\",\"position\":1,\"name\":\"Home\",\"item\":\"https:\\\/\\\/eratobanana.com\\\/\"},{\"@type\":\"ListItem\",\"position\":2,\"name\":\"Organiser un \u00e9v\u00e9nement\"}]},{\"@type\":\"WebSite\",\"@id\":\"https:\\\/\\\/eratobanana.com\\\/#website\",\"url\":\"https:\\\/\\\/eratobanana.com\\\/\",\"name\":\"Erato B\u00e4nana\",\"description\":\"\",\"potentialAction\":[{\"@type\":\"SearchAction\",\"target\":{\"@type\":\"EntryPoint\",\"urlTemplate\":\"https:\\\/\\\/eratobanana.com\\\/?s={search_term_string}\"},\"query-input\":{\"@type\":\"PropertyValueSpecification\",\"valueRequired\":true,\"valueName\":\"search_term_string\"}}],\"inLanguage\":\"en-GB\"}]}<\/script>\n<!-- \/ Yoast SEO plugin. -->","yoast_head_json":{"title":"Organiser un \u00e9v\u00e9nement - Erato B\u00e4nana","robots":{"index":"index","follow":"follow","max-snippet":"max-snippet:-1","max-image-preview":"max-image-preview:large","max-video-preview":"max-video-preview:-1"},"canonical":"https:\/\/eratobanana.com\/index.php\/fr\/organiser-un-evenement\/","schema":{"@context":"https:\/\/schema.org","@graph":[{"@type":"WebPage","@id":"https:\/\/eratobanana.com\/index.php\/fr\/organiser-un-evenement\/","url":"https:\/\/eratobanana.com\/index.php\/fr\/organiser-un-evenement\/","name":"Organiser un \u00e9v\u00e9nement - Erato B\u00e4nana","isPartOf":{"@id":"https:\/\/eratobanana.com\/#website"},"datePublished":"2024-02-14T09:55:23+00:00","dateModified":"2024-11-19T02:19:43+00:00","breadcrumb":{"@id":"https:\/\/eratobanana.com\/index.php\/fr\/organiser-un-evenement\/#breadcrumb"},"inLanguage":"en-GB","potentialAction":[{"@type":"ReadAction","target":["https:\/\/eratobanana.com\/index.php\/fr\/organiser-un-evenement\/"]}]},{"@type":"BreadcrumbList","@id":"https:\/\/eratobanana.com\/index.php\/fr\/organiser-un-evenement\/#breadcrumb","itemListElement":[{"@type":"ListItem","position":1,"name":"Home","item":"https:\/\/eratobanana.com\/"},{"@type":"ListItem","position":2,"name":"Organiser un \u00e9v\u00e9nement"}]},{"@type":"WebSite","@id":"https:\/\/eratobanana.com\/#website","url":"https:\/\/eratobanana.com\/","name":"Erato B\u00e4nana","description":"","potentialAction":[{"@type":"SearchAction","target":{"@type":"EntryPoint","urlTemplate":"https:\/\/eratobanana.com\/?s={search_term_string}"},"query-input":{"@type":"PropertyValueSpecification","valueRequired":true,"valueName":"search_term_string"}}],"inLanguage":"en-GB"}]}},"_links":{"self":[{"href":"https:\/\/eratobanana.com\/index.php\/wp-json\/wp\/v2\/pages\/547","targetHints":{"allow":["GET"]}}],"collection":[{"href":"https:\/\/eratobanana.com\/index.php\/wp-json\/wp\/v2\/pages"}],"about":[{"href":"https:\/\/eratobanana.com\/index.php\/wp-json\/wp\/v2\/types\/page"}],"author":[{"embeddable":true,"href":"https:\/\/eratobanana.com\/index.php\/wp-json\/wp\/v2\/users\/1"}],"replies":[{"embeddable":true,"href":"https:\/\/eratobanana.com\/index.php\/wp-json\/wp\/v2\/comments?post=547"}],"version-history":[{"count":63,"href":"https:\/\/eratobanana.com\/index.php\/wp-json\/wp\/v2\/pages\/547\/revisions"}],"predecessor-version":[{"id":1581,"href":"https:\/\/eratobanana.com\/index.php\/wp-json\/wp\/v2\/pages\/547\/revisions\/1581"}],"wp:attachment":[{"href":"https:\/\/eratobanana.com\/index.php\/wp-json\/wp\/v2\/media?parent=547"}],"curies":[{"name":"wp","href":"https:\/\/api.w.org\/{rel}","templated":true}]}}