{"id":536,"date":"2024-02-14T09:26:09","date_gmt":"2024-02-14T08:26:09","guid":{"rendered":"https:\/\/eratobanana.com\/?page_id=536"},"modified":"2024-07-12T15:52:08","modified_gmt":"2024-07-12T13:52:08","slug":"la-cabane-fr","status":"publish","type":"page","link":"https:\/\/eratobanana.com\/index.php\/fr\/la-cabane-fr\/","title":{"rendered":"La Cab\u00e4ne"},"content":{"rendered":"<p>[et_pb_section fb_built=&#8221;1&#8243; _builder_version=&#8221;4.23.4&#8243; _module_preset=&#8221;default&#8221; custom_margin=&#8221;||15px|||&#8221; custom_padding=&#8221;30px||42px||false|false&#8221; global_colors_info=&#8221;{}&#8221;][et_pb_row column_structure=&#8221;1_2,1_2&#8243; use_custom_gutter=&#8221;on&#8221; gutter_width=&#8221;2&#8243; make_equal=&#8221;on&#8221; _builder_version=&#8221;4.23.4&#8243; _module_preset=&#8221;default&#8221; min_height=&#8221;409.8px&#8221; custom_margin=&#8221;0px|auto|0px|auto|false|false&#8221; custom_padding=&#8221;0px|||||&#8221; global_colors_info=&#8221;{}&#8221;][et_pb_column type=&#8221;1_2&#8243; _builder_version=&#8221;4.23.4&#8243; _module_preset=&#8221;default&#8221; background_color=&#8221;#e3f0f1&#8243; custom_padding=&#8221;50px|40px|50px|40px|false|false&#8221; custom_css_free_form=&#8221;selector{||  display:flex;||  align-items:center;||}&#8221; border_color_all=&#8221;#49306B&#8221; global_colors_info=&#8221;{}&#8221;][et_pb_image src=&#8221;https:\/\/eratobanana.com\/wp-content\/uploads\/2024\/05\/BERGAMOTE-BANANA-FERN-28-scaled.jpg&#8221; alt=&#8221;2024, Soft Armor &#8211; Pic : Bergamote&#8221; title_text=&#8221;2024, Soft Armor &#8211; Pic : Bergamote&#8221; show_in_lightbox=&#8221;on&#8221; show_bottom_space=&#8221;off&#8221; align=&#8221;center&#8221; force_fullwidth=&#8221;on&#8221; _builder_version=&#8221;4.25.1&#8243; _module_preset=&#8221;default&#8221; global_colors_info=&#8221;{}&#8221;][\/et_pb_image][\/et_pb_column][et_pb_column type=&#8221;1_2&#8243; _builder_version=&#8221;4.23.4&#8243; _module_preset=&#8221;default&#8221; background_color=&#8221;#e3f0f1&#8243; custom_padding=&#8221;||||false|false&#8221; border_color_all=&#8221;#49306B&#8221; global_colors_info=&#8221;{}&#8221;][et_pb_text _builder_version=&#8221;4.23.4&#8243; _module_preset=&#8221;default&#8221; text_text_color=&#8221;#49306B&#8221; header_text_color=&#8221;#49306B&#8221; header_font_size=&#8221;42px&#8221; min_height=&#8221;5.8px&#8221; custom_margin=&#8221;||-40px||false|false&#8221; custom_padding=&#8221;25px||||false|false&#8221; custom_css_free_form=&#8221;.entry-content tr td {||  border-top: none;||}&#8221; border_style_all=&#8221;none&#8221; global_colors_info=&#8221;{}&#8221;]<\/p>\n<table border=\"0\" style=\"width: 100%; border-collapse: collapse; border-style: none;\">\n<tbody>\n<tr>\n<td style=\"width: 25%;\">\n<h1>LA CAB\u00c4NE<\/h1>\n<\/td>\n<\/tr>\n<\/tbody>\n<\/table>\n<p>&nbsp;<\/p>\n<p>[\/et_pb_text][et_pb_text _builder_version=&#8221;4.24.0&#8243; _module_preset=&#8221;default&#8221; text_text_color=&#8221;#49306B&#8221; text_font_size=&#8221;15px&#8221; text_line_height=&#8221;1.3em&#8221; link_text_color=&#8221;#49306B&#8221; header_text_color=&#8221;#49306B&#8221; header_6_text_color=&#8221;#49306B&#8221; header_6_font_size=&#8221;18px&#8221; min_height=&#8221;516px&#8221; custom_margin=&#8221;||0px||false|false&#8221; custom_padding=&#8221;10px|25px|0px|25px|false|true&#8221; border_style_all=&#8221;none&#8221; global_colors_info=&#8221;{}&#8221;]<\/p>\n<table border=\"0\" style=\"height: 526px; width: 103.193%; border-collapse: collapse; border-style: none;\">\n<tbody>\n<tr style=\"height: 10px;\">\n<td style=\"width: 83.6569%; height: 10px; vertical-align: top;\">\n<h6><span style=\"text-decoration: underline;\">P\u00c9DAGOGIE<\/span><\/h6>\n<p><span style=\"font-size: 15px;\"><\/span><\/p>\n<p><span style=\"font-size: 15px;\">B\u00e4nana est une enseignante pr\u00e9cise et exigeante en ce qui concerne la technique. Elle consid\u00e8re que pour bien attacher nous devons comprendre les tenants et aboutissants de chacun de nos choix techniques plut\u00f4t que de retenir des instructions par coeur. Une fois la technique bien comprise, nous pouvons alors mettre nos comp\u00e9tences au service de la relation \u00e0 l\u2019autre qui est pour B\u00e4nana au centre du kinbaku.<\/span><span class=\"Apple-converted-space\" style=\"font-size: 15px;\">\u00a0<\/span><\/p>\n<p class=\"p1\">Elle donne \u00e0 ses \u00e9l\u00e8ves des bases solides pour qu&#8217;iels puissent se sentir libres et mettre ces comp\u00e9tences au service de la relation avec leurs partenaires.<\/p>\n<p class=\"p1\">Le fait d&#8217;\u00eatre attach\u00e9\u00b7e est aussi quelque chose qu&#8217;il faut appr\u00e9hender. Non pas que pour \u00eatre mod\u00e8le il faille se comporter d&#8217;une mani\u00e8re particuli\u00e8re. Au contraire, chaque personne attach\u00e9e doit chercher ce qui lui correspond. C&#8217;est aussi un long parcours plein de questions et d&#8217;\u00e9motions, et il semble important \u00e0 B\u00e4nana que tout cela soit pris en compte lors de ses cours.<span class=\"Apple-converted-space\">\u00a0<\/span><\/p>\n<p class=\"p1\">Les cours de B\u00e4nana sont donc souvent tr\u00e8s interactifs, avec l&#8217;id\u00e9e que chacun\u00b7e doit avoir un espace pour poser des questions et exprimer ses exp\u00e9riences et ses retours afin de grandir ensemble dans cette pratique.<\/p>\n<p class=\"p1\">A Paris vous pouvez apprendre le shibari <span style=\"text-decoration: underline;\"><a href=\"#group-class\">en cours de groupe<\/a><\/span> avec B\u00e4nana ou en <span style=\"text-decoration: underline;\"><a href=\"#private-class\">cours priv\u00e9<\/a><\/span>.<\/p>\n<p class=\"p1\">Si vous \u00eates organisateur\u00b7rices de workshops vous pouvez contacter B\u00e4nana pour qu\u2019elle vienne enseigner dans votre communaut\u00e9 en France ou \u00e0 l\u2019\u00e9tranger.<\/p>\n<\/td>\n<\/tr>\n<\/tbody>\n<\/table>\n<p>[\/et_pb_text][et_pb_button button_url=&#8221;index.php\/host-an-event#workshops&#8221; button_text=&#8221;SUJETS D&#8217;APPRENTISSAGE&#8221; button_alignment=&#8221;left&#8221; _builder_version=&#8221;4.24.0&#8243; _module_preset=&#8221;default&#8221; custom_button=&#8221;on&#8221; button_text_size=&#8221;16px&#8221; button_text_color=&#8221;#FFFFFF&#8221; button_bg_color=&#8221;#49306B&#8221; button_border_width=&#8221;0px&#8221; button_border_radius=&#8221;22px&#8221; button_font=&#8221;K2D|700||on|||||&#8221; button_icon=&#8221;&#xf069;||fa||900&#8243; custom_margin=&#8221;||150px|48px|false|false&#8221; global_colors_info=&#8221;{}&#8221;][\/et_pb_button][\/et_pb_column][\/et_pb_row][et_pb_row column_structure=&#8221;1_2,1_2&#8243; use_custom_gutter=&#8221;on&#8221; gutter_width=&#8221;2&#8243; make_equal=&#8221;on&#8221; _builder_version=&#8221;4.23.4&#8243; _module_preset=&#8221;default&#8221; custom_margin=&#8221;0px|auto|-30px|auto|false|false&#8221; custom_padding=&#8221;0px||0px|||&#8221; global_colors_info=&#8221;{}&#8221;][et_pb_column type=&#8221;1_2&#8243; _builder_version=&#8221;4.23.4&#8243; _module_preset=&#8221;default&#8221; background_color=&#8221;#e3f0f1&#8243; custom_padding=&#8221;||||false|false&#8221; border_color_all=&#8221;#49306B&#8221; global_colors_info=&#8221;{}&#8221;][et_pb_text _builder_version=&#8221;4.23.4&#8243; _module_preset=&#8221;default&#8221; text_text_color=&#8221;#49306B&#8221; text_font_size=&#8221;15px&#8221; text_line_height=&#8221;1.3em&#8221; link_text_color=&#8221;#49306B&#8221; header_letter_spacing=&#8221;1px&#8221; header_6_text_color=&#8221;#49306B&#8221; header_6_font_size=&#8221;18px&#8221; custom_margin=&#8221;||0px||false|false&#8221; custom_padding=&#8221;50px|25px|0px|25px|false|true&#8221; border_style_all=&#8221;none&#8221; global_colors_info=&#8221;{}&#8221;]<\/p>\n<table border=\"0\" style=\"height: 333px; width: 97.4468%; border-collapse: collapse; border-style: none;\">\n<tbody>\n<tr style=\"height: 10px;\">\n<td style=\"width: 83.6569%; height: 10px; vertical-align: top;\">\n<h6><span id=\"group-class\" style=\"text-decoration: underline;\">BIENVENUE LA C\u00c4BANE<\/span><\/h6>\n<p><span style=\"text-decoration: underline;\"><\/span><\/p>\n<p class=\"p1\">La Cab\u00e4ne est un petit lieu d\u2019enseignement du shibari situ\u00e9 \u00e0 Paris dans le 19\u00e8me arrondissement. Sa volont\u00e9 est de proposer un espace d\u2019exploration de la pratique du shibari \u00e0 travers un enseignement \u00e0 diff\u00e9rents niveaux ( cours de groupes et cours priv\u00e9s). C\u2019est un lieu qui valorise la pr\u00e9sence et la participation de personnes queer et de personnes marginalis\u00e9es. Nous sommes ouvert-es \u00e0 toustes, mais aucune intol\u00e9rance ne sera accept\u00e9e.<\/p>\n<p class=\"p1\">La Cab\u00e4ne, vient d\u2019\u00eatre cr\u00e9\u00e9e par B\u00e4nana. Son organisation (enseignant-es, planning etc\u2026) et ses ambitions sont amen\u00e9es \u00e0 \u00e9voluer au cours du temps! N\u2019h\u00e9sitez pas \u00e0 suivre La Cab\u00e4ne ici ou sur instagram pour \u00eatre tenu-es au courant des actualit\u00e9s.<span class=\"Apple-converted-space\">\u00a0<\/span><\/p>\n<p class=\"p4\">Vous pouvez lire les \u00abEngagements &amp; Valeurs\u00a0\u00bb de B\u00e4nana pour en savoir plus sur le projet d\u2019enseignement.<\/p>\n<\/td>\n<\/tr>\n<\/tbody>\n<\/table>\n<p>[\/et_pb_text][et_pb_button button_url=&#8221;https:\/\/www.billetweb.fr\/multi_event.php?multi=34844&#8243; url_new_window=&#8221;on&#8221; button_text=&#8221;TICKETS&#8221; button_alignment=&#8221;left&#8221; _builder_version=&#8221;4.23.4&#8243; _module_preset=&#8221;default&#8221; custom_button=&#8221;on&#8221; button_text_size=&#8221;16px&#8221; button_text_color=&#8221;#FFFFFF&#8221; button_bg_color=&#8221;#49306B&#8221; button_border_width=&#8221;0px&#8221; button_border_radius=&#8221;22px&#8221; button_font=&#8221;K2D|700||on|||||&#8221; button_icon=&#8221;&#xf069;||fa||900&#8243; custom_margin=&#8221;||30px|48px|false|false&#8221; global_colors_info=&#8221;{}&#8221;][\/et_pb_button][\/et_pb_column][et_pb_column type=&#8221;1_2&#8243; _builder_version=&#8221;4.23.4&#8243; _module_preset=&#8221;default&#8221; background_color=&#8221;#e3f0f1&#8243; custom_padding=&#8221;50px|40px|50px|40px|false|false&#8221; border_color_all=&#8221;#49306B&#8221; global_colors_info=&#8221;{}&#8221;][et_pb_image src=&#8221;https:\/\/eratobanana.com\/wp-content\/uploads\/2024\/05\/Charlene-YVES-_MG_9035-scaled.jpg&#8221; title_text=&#8221;2024, Niki Agati &#8211; Pic : Bergamote&#8221; show_in_lightbox=&#8221;on&#8221; show_bottom_space=&#8221;off&#8221; force_fullwidth=&#8221;on&#8221; _builder_version=&#8221;4.25.1&#8243; _module_preset=&#8221;default&#8221; global_colors_info=&#8221;{}&#8221;][\/et_pb_image][\/et_pb_column][\/et_pb_row][et_pb_row column_structure=&#8221;1_2,1_2&#8243; use_custom_gutter=&#8221;on&#8221; gutter_width=&#8221;2&#8243; make_equal=&#8221;on&#8221; _builder_version=&#8221;4.23.4&#8243; _module_preset=&#8221;default&#8221; custom_margin=&#8221;auto|auto|auto|auto|false|false&#8221; custom_padding=&#8221;55px||0px|||&#8221; global_colors_info=&#8221;{}&#8221;][et_pb_column type=&#8221;1_2&#8243; _builder_version=&#8221;4.23.4&#8243; _module_preset=&#8221;default&#8221; background_color=&#8221;#e3f0f1&#8243; custom_padding=&#8221;50px|40px|50px|40px|false|false&#8221; border_color_all=&#8221;#49306B&#8221; global_colors_info=&#8221;{}&#8221;][et_pb_image src=&#8221;https:\/\/eratobanana.com\/wp-content\/uploads\/2024\/05\/23-11-25-italie-072-web.jpg&#8221; title_text=&#8221;2023, Yankee &#8211; Pic : Helios&#8221; _builder_version=&#8221;4.25.1&#8243; _module_preset=&#8221;default&#8221; custom_padding=&#8221;50px||50px||true|false&#8221; global_colors_info=&#8221;{}&#8221;][\/et_pb_image][\/et_pb_column][et_pb_column type=&#8221;1_2&#8243; _builder_version=&#8221;4.23.4&#8243; _module_preset=&#8221;default&#8221; background_color=&#8221;#e3f0f1&#8243; custom_padding=&#8221;||||false|false&#8221; border_color_all=&#8221;#49306B&#8221; global_colors_info=&#8221;{}&#8221;][et_pb_text _builder_version=&#8221;4.23.4&#8243; _module_preset=&#8221;default&#8221; text_text_color=&#8221;#49306B&#8221; text_font_size=&#8221;15px&#8221; text_line_height=&#8221;1.3em&#8221; link_text_color=&#8221;#49306B&#8221; header_letter_spacing=&#8221;1px&#8221; header_6_text_color=&#8221;#49306B&#8221; header_6_font_size=&#8221;18px&#8221; custom_margin=&#8221;||0px||false|false&#8221; custom_padding=&#8221;50px|25px|0px|25px|false|true&#8221; border_style_all=&#8221;none&#8221; global_colors_info=&#8221;{}&#8221;]<\/p>\n<table border=\"0\" style=\"height: 305px; width: 97.234%; border-collapse: collapse; border-style: none;\">\n<tbody>\n<tr style=\"height: 10px;\">\n<td style=\"width: 83.6569%; height: 10px; vertical-align: top;\">\n<h6><span id=\"private-class\" style=\"text-decoration: underline;\">COURS PRIV\u00c9<\/span><\/h6>\n<p class=\"p1\">\n<p class=\"p1\">Les cours priv\u00e9s s\u2019adressent aux personnes quelque soit leur niveau, souhaitant un programme d\u2019apprentissage d\u00e9fini selon leurs besoins et adapt\u00e9 \u00e0 leur rythme d\u2019apprentissage. Le programme est \u00e0 d\u00e9terminer ensemble avant de commencer le cours. Les cours priv\u00e9s avec B\u00e4nana ont une dur\u00e9e de 2 \u00e0 6h par jour.<span class=\"Apple-converted-space\">\u00a0<\/span><\/p>\n<p class=\"p1\">Comme pour les cours de groupe, il est indispensable que vous veniez en bin\u00f4me : Les cours de shibari s\u2019adressent autant aux attacheur\u00b7se\u00b7s qu\u2019aux personnes attach\u00e9es.<span class=\"Apple-converted-space\">\u00a0<\/span><\/p>\n<p class=\"p1\">Pour les personnes d\u00e9butantes \/ qui attachent au sol, nous pouvons vous pr\u00eater des cordes si vous n\u2019en avez pas.<\/p>\n<p class=\"p1\">Le<span class=\"Apple-converted-space\">\u00a0 <\/span>tarif est de 75\u20ac\/h ( incluant la r\u00e9mun\u00e9ration de mon\u00b7ma partenaire)<\/p>\n<p class=\"p1\">Il est aussi possible d\u2019organiser des cours semi priv\u00e9s avec B\u00e4nana. Il vous faut alors constituer un petit groupes d\u2019\u00e9l\u00e8ves ayant des envies d\u2019apprentissage communes et me contacter pour m\u2019exposer votre id\u00e9e. Le tarif sera alors \u00e9tabli suivant le nombre d\u2019\u00e9l\u00e8ves pr\u00e9sents.<\/p>\n<h6 class=\"p1\"><span style=\"text-decoration: underline;\"><\/span><\/h6>\n<h6 class=\"p1\"><span style=\"text-decoration: underline;\">TRAINING PRIV\u00c9<\/span><span style=\"text-decoration: underline;\"><\/span><\/h6>\n<p><span style=\"text-decoration: underline;\"><\/span><\/p>\n<p class=\"p1\">Lors du training, B\u00e4nana ne vous montrera pas d\u2019exercice. Vous d\u00e9ciderez avec elle de ce que vous souhaitez attacher et vous mettrez d\u2019accord sur les objectifs de la session.<\/p>\n<p class=\"p1\">Le training peut \u00eatre adapt\u00e9 \u00e0 vos besoins lorsque vous avez envie d\u2019am\u00e9liorer ou d\u2019affiner des bondages que vous connaissez d\u00e9j\u00e0 sans pour autant les ma\u00eetriser totalement. Cela peut aussi \u00eatre l\u2019occasion de travailler plus en profondeur sur votre gestuelle, votre esth\u00e9tique ou encore du bondage freestyle.<br \/>Le training peut aussi aider les personnes dans les cordes qui ont des difficult\u00e9s \u00e0 se sentir \u00e0 l\u2019aise par exemple dans un type de harnais ou de bondage.<span class=\"Apple-converted-space\">\u00a0<\/span><\/p>\n<p class=\"p1\">Les trainings priv\u00e9s avec B\u00e4nana ont une dur\u00e9e de 2 \u00e0 6h par jour.<span class=\"Apple-converted-space\">\u00a0<\/span><\/p>\n<p class=\"p1\">Le tarif est de 50\u20ac\/h.<\/p>\n<p class=\"p1\">Pour plus d&#8217;informations ou pour planifier un cours priv\u00e9 ou un training, n&#8217;h\u00e9sitez pas \u00e0 contacter B\u00e4nana.<\/p>\n<\/td>\n<\/tr>\n<\/tbody>\n<\/table>\n<p>[\/et_pb_text][\/et_pb_column][\/et_pb_row][\/et_pb_section]<\/p>\n","protected":false},"excerpt":{"rendered":"<p>LA CAB\u00c4NE &nbsp; P\u00c9DAGOGIE B\u00e4nana est une enseignante pr\u00e9cise et exigeante en ce qui concerne la technique. Elle consid\u00e8re que pour bien attacher nous devons comprendre les tenants et aboutissants de chacun de nos choix techniques plut\u00f4t que de retenir des instructions par coeur. Une fois la technique bien comprise, nous pouvons alors mettre nos [&hellip;]<\/p>\n","protected":false},"author":1,"featured_media":0,"parent":0,"menu_order":0,"comment_status":"closed","ping_status":"closed","template":"","meta":{"_et_pb_use_builder":"on","_et_pb_old_content":"","_et_gb_content_width":"","_monsterinsights_skip_tracking":false,"_monsterinsights_sitenote_active":false,"_monsterinsights_sitenote_note":"","_monsterinsights_sitenote_category":0,"footnotes":""},"class_list":["post-536","page","type-page","status-publish","hentry"],"yoast_head":"<!-- This site is optimized with the Yoast SEO plugin v27.4 - https:\/\/yoast.com\/product\/yoast-seo-wordpress\/ -->\n<title>La Cab\u00e4ne - Erato B\u00e4nana<\/title>\n<meta name=\"robots\" content=\"index, follow, max-snippet:-1, max-image-preview:large, max-video-preview:-1\" \/>\n<link rel=\"canonical\" href=\"https:\/\/eratobanana.com\/index.php\/fr\/la-cabane-fr\/\" \/>\n<script type=\"application\/ld+json\" class=\"yoast-schema-graph\">{\"@context\":\"https:\\\/\\\/schema.org\",\"@graph\":[{\"@type\":\"WebPage\",\"@id\":\"https:\\\/\\\/eratobanana.com\\\/index.php\\\/fr\\\/la-cabane-fr\\\/\",\"url\":\"https:\\\/\\\/eratobanana.com\\\/index.php\\\/fr\\\/la-cabane-fr\\\/\",\"name\":\"La Cab\u00e4ne - Erato B\u00e4nana\",\"isPartOf\":{\"@id\":\"https:\\\/\\\/eratobanana.com\\\/#website\"},\"datePublished\":\"2024-02-14T08:26:09+00:00\",\"dateModified\":\"2024-07-12T13:52:08+00:00\",\"breadcrumb\":{\"@id\":\"https:\\\/\\\/eratobanana.com\\\/index.php\\\/fr\\\/la-cabane-fr\\\/#breadcrumb\"},\"inLanguage\":\"en-GB\",\"potentialAction\":[{\"@type\":\"ReadAction\",\"target\":[\"https:\\\/\\\/eratobanana.com\\\/index.php\\\/fr\\\/la-cabane-fr\\\/\"]}]},{\"@type\":\"BreadcrumbList\",\"@id\":\"https:\\\/\\\/eratobanana.com\\\/index.php\\\/fr\\\/la-cabane-fr\\\/#breadcrumb\",\"itemListElement\":[{\"@type\":\"ListItem\",\"position\":1,\"name\":\"Home\",\"item\":\"https:\\\/\\\/eratobanana.com\\\/\"},{\"@type\":\"ListItem\",\"position\":2,\"name\":\"La Cab\u00e4ne\"}]},{\"@type\":\"WebSite\",\"@id\":\"https:\\\/\\\/eratobanana.com\\\/#website\",\"url\":\"https:\\\/\\\/eratobanana.com\\\/\",\"name\":\"Erato B\u00e4nana\",\"description\":\"\",\"potentialAction\":[{\"@type\":\"SearchAction\",\"target\":{\"@type\":\"EntryPoint\",\"urlTemplate\":\"https:\\\/\\\/eratobanana.com\\\/?s={search_term_string}\"},\"query-input\":{\"@type\":\"PropertyValueSpecification\",\"valueRequired\":true,\"valueName\":\"search_term_string\"}}],\"inLanguage\":\"en-GB\"}]}<\/script>\n<!-- \/ Yoast SEO plugin. -->","yoast_head_json":{"title":"La Cab\u00e4ne - Erato B\u00e4nana","robots":{"index":"index","follow":"follow","max-snippet":"max-snippet:-1","max-image-preview":"max-image-preview:large","max-video-preview":"max-video-preview:-1"},"canonical":"https:\/\/eratobanana.com\/index.php\/fr\/la-cabane-fr\/","schema":{"@context":"https:\/\/schema.org","@graph":[{"@type":"WebPage","@id":"https:\/\/eratobanana.com\/index.php\/fr\/la-cabane-fr\/","url":"https:\/\/eratobanana.com\/index.php\/fr\/la-cabane-fr\/","name":"La Cab\u00e4ne - Erato B\u00e4nana","isPartOf":{"@id":"https:\/\/eratobanana.com\/#website"},"datePublished":"2024-02-14T08:26:09+00:00","dateModified":"2024-07-12T13:52:08+00:00","breadcrumb":{"@id":"https:\/\/eratobanana.com\/index.php\/fr\/la-cabane-fr\/#breadcrumb"},"inLanguage":"en-GB","potentialAction":[{"@type":"ReadAction","target":["https:\/\/eratobanana.com\/index.php\/fr\/la-cabane-fr\/"]}]},{"@type":"BreadcrumbList","@id":"https:\/\/eratobanana.com\/index.php\/fr\/la-cabane-fr\/#breadcrumb","itemListElement":[{"@type":"ListItem","position":1,"name":"Home","item":"https:\/\/eratobanana.com\/"},{"@type":"ListItem","position":2,"name":"La Cab\u00e4ne"}]},{"@type":"WebSite","@id":"https:\/\/eratobanana.com\/#website","url":"https:\/\/eratobanana.com\/","name":"Erato B\u00e4nana","description":"","potentialAction":[{"@type":"SearchAction","target":{"@type":"EntryPoint","urlTemplate":"https:\/\/eratobanana.com\/?s={search_term_string}"},"query-input":{"@type":"PropertyValueSpecification","valueRequired":true,"valueName":"search_term_string"}}],"inLanguage":"en-GB"}]}},"_links":{"self":[{"href":"https:\/\/eratobanana.com\/index.php\/wp-json\/wp\/v2\/pages\/536","targetHints":{"allow":["GET"]}}],"collection":[{"href":"https:\/\/eratobanana.com\/index.php\/wp-json\/wp\/v2\/pages"}],"about":[{"href":"https:\/\/eratobanana.com\/index.php\/wp-json\/wp\/v2\/types\/page"}],"author":[{"embeddable":true,"href":"https:\/\/eratobanana.com\/index.php\/wp-json\/wp\/v2\/users\/1"}],"replies":[{"embeddable":true,"href":"https:\/\/eratobanana.com\/index.php\/wp-json\/wp\/v2\/comments?post=536"}],"version-history":[{"count":6,"href":"https:\/\/eratobanana.com\/index.php\/wp-json\/wp\/v2\/pages\/536\/revisions"}],"predecessor-version":[{"id":1426,"href":"https:\/\/eratobanana.com\/index.php\/wp-json\/wp\/v2\/pages\/536\/revisions\/1426"}],"wp:attachment":[{"href":"https:\/\/eratobanana.com\/index.php\/wp-json\/wp\/v2\/media?parent=536"}],"curies":[{"name":"wp","href":"https:\/\/api.w.org\/{rel}","templated":true}]}}