{"id":1121,"date":"2024-06-07T13:49:22","date_gmt":"2024-06-07T11:49:22","guid":{"rendered":"https:\/\/eratobanana.com\/?page_id=1121"},"modified":"2024-07-12T16:11:43","modified_gmt":"2024-07-12T14:11:43","slug":"bambous-tourments-detail-fr","status":"publish","type":"page","link":"https:\/\/eratobanana.com\/index.php\/fr\/bambous-tourments-detail-fr\/","title":{"rendered":"Bambous &#038; Tourments"},"content":{"rendered":"<p>[et_pb_section fb_built=&#8221;1&#8243; _builder_version=&#8221;4.26.0&#8243; _module_preset=&#8221;default&#8221; min_height=&#8221;891.3px&#8221; custom_margin=&#8221;||||false|false&#8221; custom_padding=&#8221;||||false|false&#8221; custom_css_free_form=&#8221;selector {||  padding: 30px 0 42px 0;||}||||@media all and (min-width: 1405px) {||  selector {||  padding: 80px 0;||}||||}&#8221; global_colors_info=&#8221;{}&#8221;][et_pb_row column_structure=&#8221;1_2,1_2&#8243; use_custom_gutter=&#8221;on&#8221; gutter_width=&#8221;2&#8243; make_equal=&#8221;on&#8221; _builder_version=&#8221;4.23.4&#8243; _module_preset=&#8221;default&#8221; min_height=&#8221;409.8px&#8221; custom_margin=&#8221;0px|auto|0px|auto|false|false&#8221; custom_padding=&#8221;0px|||||&#8221; global_colors_info=&#8221;{}&#8221;][et_pb_column type=&#8221;1_2&#8243; _builder_version=&#8221;4.23.4&#8243; _module_preset=&#8221;default&#8221; custom_padding=&#8221;50px|40px|50px|40px|false|false&#8221; custom_css_free_form=&#8221;selector{||  display:flex;||  align-items:center;||}&#8221; border_width_all=&#8221;2px&#8221; border_color_all=&#8221;#0500FF&#8221; global_colors_info=&#8221;{}&#8221;][et_pb_image src=&#8221;https:\/\/eratobanana.com\/wp-content\/uploads\/2024\/05\/bambou-sap.jpeg&#8221; title_text=&#8221;2024, Alex Veneno &#8211; Pic : B\u00e4nana&#8221; _builder_version=&#8221;4.25.1&#8243; _module_preset=&#8221;default&#8221; global_colors_info=&#8221;{}&#8221;][\/et_pb_image][\/et_pb_column][et_pb_column type=&#8221;1_2&#8243; _builder_version=&#8221;4.23.4&#8243; _module_preset=&#8221;default&#8221; custom_padding=&#8221;||||false|false&#8221; border_width_all=&#8221;2px&#8221; border_color_all=&#8221;#0500FF&#8221; global_colors_info=&#8221;{}&#8221;][et_pb_text _builder_version=&#8221;4.25.2&#8243; _module_preset=&#8221;default&#8221; header_font_size=&#8221;38px&#8221; min_height=&#8221;5.8px&#8221; custom_margin=&#8221;||-40px||false|false&#8221; custom_padding=&#8221;25px||||false|false&#8221; custom_css_free_form=&#8221;.entry-content tr td {||  border-top: none;||}&#8221; border_style_all=&#8221;none&#8221; global_colors_info=&#8221;{}&#8221;]<\/p>\n<table border=\"0\" style=\"width: 100%; border-collapse: collapse; border-style: none;\">\n<tbody>\n<tr>\n<td style=\"width: 25%;\">\n<h1>TOURMENTS &amp; BAMBOUS<\/h1>\n<h1>\u00a0<\/h1>\n<\/td>\n<\/tr>\n<\/tbody>\n<\/table>\n<p>[\/et_pb_text][et_pb_text _builder_version=&#8221;4.25.1&#8243; _module_preset=&#8221;default&#8221; text_font_size=&#8221;15px&#8221; text_line_height=&#8221;1.3em&#8221; header_6_font_size=&#8221;18px&#8221; min_height=&#8221;516px&#8221; custom_margin=&#8221;||0px||false|false&#8221; custom_padding=&#8221;10px|25px|0px|25px|false|true&#8221; border_style_all=&#8221;none&#8221; global_colors_info=&#8221;{}&#8221;]<\/p>\n<table border=\"0\" style=\"height: 526px; width: 103.193%; border-collapse: collapse; border-style: none;\">\n<tbody>\n<tr style=\"height: 10px;\">\n<td style=\"width: 83.6569%; height: 10px; vertical-align: top;\">\n<h6><span style=\"text-decoration: underline;\">\u2731 <span>CE WORKSHOP PEUT \u00caTRE ENSEIGN\u00c9 POUR DEUX NIVEAUX : SUSPENSION OU SEMI-SUSPENSION , SELON LA PR\u00c9F\u00c9RENCE DE L&#8217;ORGA. UNE COMBINAISON DES DEUX PEUT \u00c9GALEMENT \u00caTRE ENVISAG\u00c9E.<\/span><\/span><\/h6>\n<p>&nbsp;<\/p>\n<div class=\"page\" title=\"Page 10\">\n<div class=\"section\">\n<div class=\"layoutArea\">\n<div class=\"column\">\n<div class=\"page\" title=\"Page 10\">\n<div class=\"section\">\n<div class=\"layoutArea\">\n<div class=\"column\">\n<p>Les bambous peuvent ajouter un \u00e9l\u00e9ment tr\u00e8s ludique \u00e0 une session de cordes. Ils peuvent \u00eatre utilis\u00e9s pour cr\u00e9er une vari\u00e9t\u00e9 de formes et de contraintes pour le corps en cr\u00e9ant une rigidit\u00e9 dans certaines zones. Les sensations ressenties par les personnes attach\u00e9es peuvent \u00eatre tr\u00e8s prenantes.<\/p>\n<p>Nous attacherons des bondages exigeants pour comprendre comment ce type d&#8217;attache fonctionne et comment il peut \u00eatre le point de d\u00e9part de notre imagination pour tourmenter notre partenaire !<\/p>\n<\/div>\n<\/div>\n<\/div>\n<\/div>\n<\/div>\n<\/div>\n<\/div>\n<\/div>\n<\/td>\n<\/tr>\n<\/tbody>\n<\/table>\n<p>[\/et_pb_text][\/et_pb_column][\/et_pb_row][\/et_pb_section]<\/p>\n","protected":false},"excerpt":{"rendered":"<p>TOURMENTS &amp; BAMBOUS \u00a0 \u2731 CE WORKSHOP PEUT \u00caTRE ENSEIGN\u00c9 POUR DEUX NIVEAUX : SUSPENSION OU SEMI-SUSPENSION , SELON LA PR\u00c9F\u00c9RENCE DE L&#8217;ORGA. UNE COMBINAISON DES DEUX PEUT \u00c9GALEMENT \u00caTRE ENVISAG\u00c9E. &nbsp; Les bambous peuvent ajouter un \u00e9l\u00e9ment tr\u00e8s ludique \u00e0 une session de cordes. Ils peuvent \u00eatre utilis\u00e9s pour cr\u00e9er une vari\u00e9t\u00e9 de formes [&hellip;]<\/p>\n","protected":false},"author":1,"featured_media":0,"parent":0,"menu_order":0,"comment_status":"closed","ping_status":"closed","template":"","meta":{"_et_pb_use_builder":"on","_et_pb_old_content":"","_et_gb_content_width":"","_monsterinsights_skip_tracking":false,"_monsterinsights_sitenote_active":false,"_monsterinsights_sitenote_note":"","_monsterinsights_sitenote_category":0,"footnotes":""},"class_list":["post-1121","page","type-page","status-publish","hentry"],"yoast_head":"<!-- This site is optimized with the Yoast SEO plugin v27.4 - https:\/\/yoast.com\/product\/yoast-seo-wordpress\/ -->\n<title>Bambous &amp; Tourments - Erato B\u00e4nana<\/title>\n<meta name=\"robots\" content=\"index, follow, max-snippet:-1, max-image-preview:large, max-video-preview:-1\" \/>\n<link rel=\"canonical\" href=\"https:\/\/eratobanana.com\/index.php\/fr\/bambous-tourments-detail-fr\/\" \/>\n<script type=\"application\/ld+json\" class=\"yoast-schema-graph\">{\"@context\":\"https:\\\/\\\/schema.org\",\"@graph\":[{\"@type\":\"WebPage\",\"@id\":\"https:\\\/\\\/eratobanana.com\\\/index.php\\\/fr\\\/bambous-tourments-detail-fr\\\/\",\"url\":\"https:\\\/\\\/eratobanana.com\\\/index.php\\\/fr\\\/bambous-tourments-detail-fr\\\/\",\"name\":\"Bambous & Tourments - Erato B\u00e4nana\",\"isPartOf\":{\"@id\":\"https:\\\/\\\/eratobanana.com\\\/#website\"},\"datePublished\":\"2024-06-07T11:49:22+00:00\",\"dateModified\":\"2024-07-12T14:11:43+00:00\",\"breadcrumb\":{\"@id\":\"https:\\\/\\\/eratobanana.com\\\/index.php\\\/fr\\\/bambous-tourments-detail-fr\\\/#breadcrumb\"},\"inLanguage\":\"en-GB\",\"potentialAction\":[{\"@type\":\"ReadAction\",\"target\":[\"https:\\\/\\\/eratobanana.com\\\/index.php\\\/fr\\\/bambous-tourments-detail-fr\\\/\"]}]},{\"@type\":\"BreadcrumbList\",\"@id\":\"https:\\\/\\\/eratobanana.com\\\/index.php\\\/fr\\\/bambous-tourments-detail-fr\\\/#breadcrumb\",\"itemListElement\":[{\"@type\":\"ListItem\",\"position\":1,\"name\":\"Home\",\"item\":\"https:\\\/\\\/eratobanana.com\\\/\"},{\"@type\":\"ListItem\",\"position\":2,\"name\":\"Bambous &#038; Tourments\"}]},{\"@type\":\"WebSite\",\"@id\":\"https:\\\/\\\/eratobanana.com\\\/#website\",\"url\":\"https:\\\/\\\/eratobanana.com\\\/\",\"name\":\"Erato B\u00e4nana\",\"description\":\"\",\"potentialAction\":[{\"@type\":\"SearchAction\",\"target\":{\"@type\":\"EntryPoint\",\"urlTemplate\":\"https:\\\/\\\/eratobanana.com\\\/?s={search_term_string}\"},\"query-input\":{\"@type\":\"PropertyValueSpecification\",\"valueRequired\":true,\"valueName\":\"search_term_string\"}}],\"inLanguage\":\"en-GB\"}]}<\/script>\n<!-- \/ Yoast SEO plugin. -->","yoast_head_json":{"title":"Bambous & Tourments - Erato B\u00e4nana","robots":{"index":"index","follow":"follow","max-snippet":"max-snippet:-1","max-image-preview":"max-image-preview:large","max-video-preview":"max-video-preview:-1"},"canonical":"https:\/\/eratobanana.com\/index.php\/fr\/bambous-tourments-detail-fr\/","schema":{"@context":"https:\/\/schema.org","@graph":[{"@type":"WebPage","@id":"https:\/\/eratobanana.com\/index.php\/fr\/bambous-tourments-detail-fr\/","url":"https:\/\/eratobanana.com\/index.php\/fr\/bambous-tourments-detail-fr\/","name":"Bambous & Tourments - Erato B\u00e4nana","isPartOf":{"@id":"https:\/\/eratobanana.com\/#website"},"datePublished":"2024-06-07T11:49:22+00:00","dateModified":"2024-07-12T14:11:43+00:00","breadcrumb":{"@id":"https:\/\/eratobanana.com\/index.php\/fr\/bambous-tourments-detail-fr\/#breadcrumb"},"inLanguage":"en-GB","potentialAction":[{"@type":"ReadAction","target":["https:\/\/eratobanana.com\/index.php\/fr\/bambous-tourments-detail-fr\/"]}]},{"@type":"BreadcrumbList","@id":"https:\/\/eratobanana.com\/index.php\/fr\/bambous-tourments-detail-fr\/#breadcrumb","itemListElement":[{"@type":"ListItem","position":1,"name":"Home","item":"https:\/\/eratobanana.com\/"},{"@type":"ListItem","position":2,"name":"Bambous &#038; Tourments"}]},{"@type":"WebSite","@id":"https:\/\/eratobanana.com\/#website","url":"https:\/\/eratobanana.com\/","name":"Erato B\u00e4nana","description":"","potentialAction":[{"@type":"SearchAction","target":{"@type":"EntryPoint","urlTemplate":"https:\/\/eratobanana.com\/?s={search_term_string}"},"query-input":{"@type":"PropertyValueSpecification","valueRequired":true,"valueName":"search_term_string"}}],"inLanguage":"en-GB"}]}},"_links":{"self":[{"href":"https:\/\/eratobanana.com\/index.php\/wp-json\/wp\/v2\/pages\/1121","targetHints":{"allow":["GET"]}}],"collection":[{"href":"https:\/\/eratobanana.com\/index.php\/wp-json\/wp\/v2\/pages"}],"about":[{"href":"https:\/\/eratobanana.com\/index.php\/wp-json\/wp\/v2\/types\/page"}],"author":[{"embeddable":true,"href":"https:\/\/eratobanana.com\/index.php\/wp-json\/wp\/v2\/users\/1"}],"replies":[{"embeddable":true,"href":"https:\/\/eratobanana.com\/index.php\/wp-json\/wp\/v2\/comments?post=1121"}],"version-history":[{"count":11,"href":"https:\/\/eratobanana.com\/index.php\/wp-json\/wp\/v2\/pages\/1121\/revisions"}],"predecessor-version":[{"id":1433,"href":"https:\/\/eratobanana.com\/index.php\/wp-json\/wp\/v2\/pages\/1121\/revisions\/1433"}],"wp:attachment":[{"href":"https:\/\/eratobanana.com\/index.php\/wp-json\/wp\/v2\/media?parent=1121"}],"curies":[{"name":"wp","href":"https:\/\/api.w.org\/{rel}","templated":true}]}}